{"id":2674,"date":"2011-05-12T13:20:13","date_gmt":"2011-05-12T20:20:13","guid":{"rendered":"https:\/\/warrenlawfirm.net\/about-us\/"},"modified":"2023-12-07T22:01:44","modified_gmt":"2023-12-08T06:01:44","slug":"sobre-nosotros","status":"publish","type":"page","link":"https:\/\/warrenlawfirm.net\/es\/sobre-nosotros\/","title":{"rendered":"Sobre Nosotros"},"content":{"rendered":"\t\t<div data-elementor-type=\"wp-page\" data-elementor-id=\"2674\" class=\"elementor elementor-2674 elementor-6\" data-elementor-post-type=\"page\">\n\t\t\t\t\t\t<section class=\"elementor-section elementor-top-section elementor-element elementor-element-5fffe33e elementor-section-boxed elementor-section-height-default elementor-section-height-default\" data-id=\"5fffe33e\" data-element_type=\"section\" data-e-type=\"section\">\n\t\t\t\t\t\t<div class=\"elementor-container elementor-column-gap-default\">\n\t\t\t\t\t<div class=\"elementor-column elementor-col-100 elementor-top-column elementor-element elementor-element-320e0427\" data-id=\"320e0427\" data-element_type=\"column\" data-e-type=\"column\">\n\t\t\t<div class=\"elementor-widget-wrap elementor-element-populated\">\n\t\t\t\t\t\t<div class=\"elementor-element elementor-element-59f42526 elementor-widget elementor-widget-text-editor\" data-id=\"59f42526\" data-element_type=\"widget\" data-e-type=\"widget\" data-widget_type=\"text-editor.default\">\n\t\t\t\t<div class=\"elementor-widget-container\">\n\t\t\t\t\t\t\t\t\t<div itemscope=\"\" itemtype=\"http:\/\/schema.org\/Person\"><h2><img fetchpriority=\"high\" decoding=\"async\" class=\"aligncenter wp-image-2678 size-full\" src=\"https:\/\/warrenlawfirm.net\/wp-content\/uploads\/Acerca-de-Angela-D.-Warren-San-Francisco-Abogado-de-Inmigracion.jpeg\" alt=\"Acerca de Angela D. Warren, San Francisco Abogado de Inmigracio\u0301n\" width=\"2048\" height=\"1138\" srcset=\"https:\/\/warrenlawfirm.net\/wp-content\/uploads\/Acerca-de-Angela-D.-Warren-San-Francisco-Abogado-de-Inmigracion.jpeg 2048w, https:\/\/warrenlawfirm.net\/wp-content\/uploads\/Acerca-de-Angela-D.-Warren-San-Francisco-Abogado-de-Inmigracion-300x167.jpeg 300w, https:\/\/warrenlawfirm.net\/wp-content\/uploads\/Acerca-de-Angela-D.-Warren-San-Francisco-Abogado-de-Inmigracion-1024x569.jpeg 1024w, https:\/\/warrenlawfirm.net\/wp-content\/uploads\/Acerca-de-Angela-D.-Warren-San-Francisco-Abogado-de-Inmigracion-768x427.jpeg 768w, https:\/\/warrenlawfirm.net\/wp-content\/uploads\/Acerca-de-Angela-D.-Warren-San-Francisco-Abogado-de-Inmigracion-1536x854.jpeg 1536w\" sizes=\"(max-width: 2048px) 100vw, 2048px\" \/><\/h2><h1><strong>Acerca de Angela D. Warren, San Francisco Abogado de Inmigraci\u00f3n<\/strong><\/h1><p>Con m\u00e1s de 20 a\u00f1os de experiencia en inmigraci\u00f3n y negocios, Angela Warren ha ayudado a cientos de personas, familias y negocios a navegar por sus problemas de inmigraci\u00f3n en Estados Unidos y obtener visas legales en Estados Unidos.\u00a0 La Sra. Warren tiene licencia para ejercer en tribunales estatales y federales como el Tribunal de Inmigraci\u00f3n de San Francisco, el Tribunal de Apelaciones del Noveno Distrito y el Tribunal de Distrito de los Estados Unidos, Distrito Norte de California.<\/p><p>Con una <a href=\"https:\/\/www.avvo.com\/attorneys\/94104-ca-angela-warren-318328.html?utm_campaign=avvo_rating&amp;utm_content=1217583&amp;utm_medium=avvo_badge&amp;utm_source=avvo\">calificaci\u00f3n de Avvo \u00abExcelente\u00bb<\/a>, siendo nombrado uno de <a href=\"https:\/\/www.thumbtack.com\/ca\/san-francisco\/immigration-lawyers\">los mejores abogados de inmigraci\u00f3n de San Francisco por Thumbtack<\/a> y m\u00e1s recientemente galardonado como uno de los <a href=\"https:\/\/nbltop100.org\/\">100 mejores abogados negros nacionales<\/a>, Angela Warren tiene un historial probado de \u00e9xito en su campo.\u00a0 Lea m\u00e1s testimonios sobre Warren Law Firm aqu\u00ed. La abogada Angela Warren se gradu\u00f3 de <a href=\"https:\/\/uci.edu\/\">UC Irvine<\/a> y <a href=\"https:\/\/www.uchastings.edu\/\">UC Hastings College of the Law<\/a> y comenz\u00f3 su carrera legal en <a href=\"https:\/\/www.longlevit.com\/\">Long &amp; Levit<\/a>, una firma de abogados con sede en San Francisco que se especializa en litigios.<\/p><p>A continuaci\u00f3n, la Sra. Warren se uni\u00f3 a la <a href=\"https:\/\/www.apci.org\/\">American Insurance Association<\/a>, que representa a las compa\u00f1\u00edas de seguros comerciales Fortune 500 como Chubb, Hartford Insurance Company, St. Paul y m\u00e1s. All\u00ed, se desempe\u00f1\u00f3 como vicepresidenta asistente de la Regi\u00f3n Occidental de los Estados Unidos y las Islas Marianas del Norte. En su capacidad de ejecutiva senior, represent\u00f3 a compa\u00f1\u00edas miembro en diversas \u00e1reas que van desde seguros de autom\u00f3viles hasta productos de seguros comerciales, as\u00ed como legislaci\u00f3n de negocios y seguros propuesta.<\/p><p>Adem\u00e1s, Angela Warren ocup\u00f3 el cargo de Consejera Internacional de las Am\u00e9ricas en Silicon Graphics, donde dirigi\u00f3 asesor\u00eda legal externa en Am\u00e9rica Latina y Canad\u00e1. Fue responsable de supervisar transacciones comerciales, litigios e inmigraci\u00f3n en Brasil, M\u00e9xico, Argentina y otros pa\u00edses de Am\u00e9rica Latina. Sus responsabilidades inclu\u00edan determinar las implicaciones legales de las estrategias de negocios nacionales e internacionales de los clientes, supervisar a las subsidiarias, as\u00ed como negociar cartas de cr\u00e9dito, licencias, proveedores externos y acuerdos de venta.<\/p><p>Lea nuestros testimonios y luego <a href=\"https:\/\/warrenlawfirm.net\/es\/contacto\/\">cont\u00e1ctenos<\/a> para una consulta telef\u00f3nica para discutir sus necesidades de inmigraci\u00f3n.<\/p><h2><strong>Acerca de Warren Law Firm<\/strong><\/h2><p><img decoding=\"async\" class=\"alignright wp-image-2688 \" src=\"https:\/\/warrenlawfirm.net\/wp-content\/uploads\/Dedicado-a-Inmigracion-Global.png\" alt=\"Dedicado a Inmigracio\u0301n Global\" width=\"501\" height=\"419\" srcset=\"https:\/\/warrenlawfirm.net\/wp-content\/uploads\/Dedicado-a-Inmigracion-Global.png 940w, https:\/\/warrenlawfirm.net\/wp-content\/uploads\/Dedicado-a-Inmigracion-Global-300x251.png 300w, https:\/\/warrenlawfirm.net\/wp-content\/uploads\/Dedicado-a-Inmigracion-Global-768x644.png 768w\" sizes=\"(max-width: 501px) 100vw, 501px\" \/>Desde la apertura del bufete de abogados Warren en 2003, Angela Warren y su equipo se han centrado exclusivamente en la defensa de:<\/p><p><a href=\"https:\/\/warrenlawfirm.net\/es\/inmigracion-de-negocios\/\">Visas de trabajo y visas de empleo<\/a>, tales como <a href=\"https:\/\/warrenlawfirm.net\/es\/inmigracion-de-negocios\/visa-h1b\/\">H-1B<\/a>, <a href=\"https:\/\/warrenlawfirm.net\/es\/inmigracion-de-negocios\/visas-e-para-trabajadores-temporales\/\">E-1<\/a>, <a href=\"https:\/\/warrenlawfirm.net\/es\/inmigracion-de-negocios\/visas-e-para-trabajadores-temporales\/\">E-2<\/a>, <a href=\"https:\/\/warrenlawfirm.net\/es\/inmigracion-de-negocios\/visa-de-inversionista-eb5\/\">EB-5 visas de inversionistas<\/a>, <a href=\"https:\/\/warrenlawfirm.net\/es\/inmigracion-de-negocios\/Visa-EB2\/\">EB-2<\/a>, <a href=\"https:\/\/warrenlawfirm.net\/es\/inmigracion-de-negocios\/visas-L1A-y-L1B\/\">L-1A<\/a>, <a href=\"https:\/\/warrenlawfirm.net\/es\/inmigracion-de-negocios\/visas-L1A-y-L1B\/\">L-1B<\/a>, <a href=\"https:\/\/warrenlawfirm.net\/es\/inmigracion-de-negocios\/visa-tn\/\">TN -NAFTA Visas de Tratado de Comercio<\/a>, <a href=\"https:\/\/warrenlawfirm.net\/es\/inmigracion-de-negocios\/visa-para-artistas\/\">O Visas<\/a>, <a href=\"https:\/\/warrenlawfirm.net\/es\/inmigracion-familiar\/visa-de-estudiante\/\">J Visas<\/a> y <a href=\"https:\/\/warrenlawfirm.net\/es\/inmigracion-de-negocios\/visa-e3\/\">E-3 Visas<\/a>.<\/p><p>Familias que enfrentan una crisis de inmigraci\u00f3n y en necesidad de <a href=\"https:\/\/warrenlawfirm.net\/es\/inmigracion-familiar\/visas-de-prometido-y-matrimonio\/\">visas de prometido, visa de matrimonio, visas basadas en el c\u00f3nyuge<\/a>, <a href=\"https:\/\/warrenlawfirm.net\/es\/inmigracion-familiar\/visas-familiares-ir\/\">visas de familiares inmediatos<\/a>, <a href=\"https:\/\/warrenlawfirm.net\/es\/inmigracion-familiar\/visas-familiares-ir\/\">visas F1<\/a> y m\u00e1s<\/p><p>Personas que necesitan visas de inmigraci\u00f3n como &#8211; <a href=\"https:\/\/warrenlawfirm.net\/es\/inmigracion-familiar\/visa-de-estudiante\/\">estudiantes<\/a>, <a href=\"https:\/\/warrenlawfirm.net\/es\/inmigracion-familiar\/visa-de-visitante\/\">visitantes<\/a>, Visas de V\u00edctima de Delito y <a href=\"https:\/\/warrenlawfirm.net\/es\/inmigracion-familiar\/visa-vawa\/\">VAWA \/ Visas de Persona Abusada<\/a><\/p><p>Creemos en el derecho de todas las personas a obtener el estatus migratorio de EE.UU. basado. Nuestro bufete fue un voluntario activo del <a href=\"https:\/\/www.ilrc.org\/\">Centro Legal de Recursos para Inmigrantes<\/a> y un antiguo miembro de la <a href=\"https:\/\/www.afsf.com\/\">Alianza Francaise<\/a>.\u00a0 Warren Law Firm se desempe\u00f1\u00f3 como miembro de la Small Business Development Corporation Mentorship Force y anteriormente fue miembro de la Junta de Asistencia <a href=\"https:\/\/www.legalaidmarin.org\/\">Legal de Marin<\/a>, as\u00ed como fideicomisario <a href=\"https:\/\/www.englishcenter.edu\/\">del Centro Ingl\u00e9s<\/a>.<\/p><p><a href=\"https:\/\/warrenlawfirm.net\/es\/contacto\/\">Cont\u00e1ctenos<\/a> para averiguar si el bufete de abogados Warren puede ayudarlo con sus necesidades de inmigraci\u00f3n. P\u00f3ngase en contacto con nosotros por tel\u00e9fono, correo electr\u00f3nico o mediante el siguiente formulario y le responderemos dentro de las 24 horas. Nuestro horario de oficina es generalmente de 9 am a 5 pm; d\u00edas laborables y citas por la noche se pueden hacer por acuerdo especial. Ofrecemos una estructura de tarifas competitiva y aceptamos cheques, efectivo y las principales tarjetas de cr\u00e9dito para el pago.<\/p><p><strong>Int\u00e9rpretes Disponibles | Hablamos espa\u00f1ol, coreano, tailand\u00e9s, mandar\u00edn y franc\u00e9s<\/strong><\/p><\/div>\t\t\t\t\t\t\t\t<\/div>\n\t\t\t\t<\/div>\n\t\t\t\t<div class=\"elementor-element elementor-element-eae0abb elementor-widget elementor-widget-video\" data-id=\"eae0abb\" data-element_type=\"widget\" data-e-type=\"widget\" data-settings=\"{&quot;youtube_url&quot;:&quot;https:\\\/\\\/youtu.be\\\/wtRWmR13Mko&quot;,&quot;video_type&quot;:&quot;youtube&quot;,&quot;controls&quot;:&quot;yes&quot;}\" data-widget_type=\"video.default\">\n\t\t\t\t<div class=\"elementor-widget-container\">\n\t\t\t\t\t\t\t<div class=\"elementor-wrapper elementor-open-inline\">\n\t\t\t<div class=\"elementor-video\"><\/div>\t\t<\/div>\n\t\t\t\t\t\t<\/div>\n\t\t\t\t<\/div>\n\t\t\t\t\t<\/div>\n\t\t<\/div>\n\t\t\t\t\t<\/div>\n\t\t<\/section>\n\t\t\t\t<\/div>\n\t\t","protected":false},"excerpt":{"rendered":"<p>Acerca de Angela D. Warren, San Francisco Abogado de Inmigraci\u00f3n Con m\u00e1s de 20 a\u00f1os de experiencia en inmigraci\u00f3n y negocios, Angela Warren ha ayudado a cientos de personas, familias y negocios a navegar por sus problemas de inmigraci\u00f3n en Estados Unidos y obtener visas legales en Estados Unidos.\u00a0 La Sra. Warren tiene licencia para [&hellip;]<\/p>\n","protected":false},"author":3,"featured_media":0,"parent":0,"menu_order":0,"comment_status":"closed","ping_status":"closed","template":"","meta":{"footnotes":""},"class_list":["post-2674","page","type-page","status-publish","hentry"],"yoast_head":"<!-- This site is optimized with the Yoast SEO plugin v27.3 - https:\/\/yoast.com\/product\/yoast-seo-wordpress\/ -->\n<title>Acerca de Warren Law Firm | Inmigraci\u00f3n Law Firm San Francisco<\/title>\n<meta name=\"description\" content=\"Con m\u00e1s de 20 a\u00f1os de experiencia en inmigraci\u00f3n y derecho empresarial, Angela Warren &amp; Warren Law Firm, con sede en San Francisco...\" \/>\n<meta name=\"robots\" content=\"index, follow, max-snippet:-1, max-image-preview:large, max-video-preview:-1\" \/>\n<link rel=\"canonical\" href=\"https:\/\/warrenlawfirm.net\/es\/sobre-nosotros\/\" \/>\n<meta name=\"twitter:label1\" content=\"Tiempo de lectura\" \/>\n\t<meta name=\"twitter:data1\" content=\"3 minutos\" \/>\n<script type=\"application\/ld+json\" class=\"yoast-schema-graph\">{\"@context\":\"https:\\\/\\\/schema.org\",\"@graph\":[{\"@type\":\"WebPage\",\"@id\":\"https:\\\/\\\/warrenlawfirm.net\\\/es\\\/sobre-nosotros\\\/\",\"url\":\"https:\\\/\\\/warrenlawfirm.net\\\/es\\\/sobre-nosotros\\\/\",\"name\":\"Acerca de Warren Law Firm | Inmigraci\u00f3n Law Firm San Francisco\",\"isPartOf\":{\"@id\":\"https:\\\/\\\/warrenlawfirm.net\\\/es\\\/#website\"},\"primaryImageOfPage\":{\"@id\":\"https:\\\/\\\/warrenlawfirm.net\\\/es\\\/sobre-nosotros\\\/#primaryimage\"},\"image\":{\"@id\":\"https:\\\/\\\/warrenlawfirm.net\\\/es\\\/sobre-nosotros\\\/#primaryimage\"},\"thumbnailUrl\":\"https:\\\/\\\/warrenlawfirm.net\\\/wp-content\\\/uploads\\\/Acerca-de-Angela-D.-Warren-San-Francisco-Abogado-de-Inmigracion.jpeg\",\"datePublished\":\"2011-05-12T20:20:13+00:00\",\"dateModified\":\"2023-12-08T06:01:44+00:00\",\"description\":\"Con m\u00e1s de 20 a\u00f1os de experiencia en inmigraci\u00f3n y derecho empresarial, Angela Warren & Warren Law Firm, con sede en San Francisco...\",\"breadcrumb\":{\"@id\":\"https:\\\/\\\/warrenlawfirm.net\\\/es\\\/sobre-nosotros\\\/#breadcrumb\"},\"inLanguage\":\"es\",\"potentialAction\":[{\"@type\":\"ReadAction\",\"target\":[\"https:\\\/\\\/warrenlawfirm.net\\\/es\\\/sobre-nosotros\\\/\"]}]},{\"@type\":\"ImageObject\",\"inLanguage\":\"es\",\"@id\":\"https:\\\/\\\/warrenlawfirm.net\\\/es\\\/sobre-nosotros\\\/#primaryimage\",\"url\":\"https:\\\/\\\/warrenlawfirm.net\\\/wp-content\\\/uploads\\\/Acerca-de-Angela-D.-Warren-San-Francisco-Abogado-de-Inmigracion.jpeg\",\"contentUrl\":\"https:\\\/\\\/warrenlawfirm.net\\\/wp-content\\\/uploads\\\/Acerca-de-Angela-D.-Warren-San-Francisco-Abogado-de-Inmigracion.jpeg\"},{\"@type\":\"BreadcrumbList\",\"@id\":\"https:\\\/\\\/warrenlawfirm.net\\\/es\\\/sobre-nosotros\\\/#breadcrumb\",\"itemListElement\":[{\"@type\":\"ListItem\",\"position\":1,\"name\":\"Home\",\"item\":\"https:\\\/\\\/warrenlawfirm.net\\\/es\\\/\"},{\"@type\":\"ListItem\",\"position\":2,\"name\":\"Sobre Nosotros\"}]},{\"@type\":\"WebSite\",\"@id\":\"https:\\\/\\\/warrenlawfirm.net\\\/es\\\/#website\",\"url\":\"https:\\\/\\\/warrenlawfirm.net\\\/es\\\/\",\"name\":\"Warren Law Firm\",\"description\":\"San Francisco Immigration Attorney\",\"publisher\":{\"@id\":\"https:\\\/\\\/warrenlawfirm.net\\\/es\\\/#organization\"},\"potentialAction\":[{\"@type\":\"SearchAction\",\"target\":{\"@type\":\"EntryPoint\",\"urlTemplate\":\"https:\\\/\\\/warrenlawfirm.net\\\/es\\\/?s={search_term_string}\"},\"query-input\":{\"@type\":\"PropertyValueSpecification\",\"valueRequired\":true,\"valueName\":\"search_term_string\"}}],\"inLanguage\":\"es\"},{\"@type\":\"Organization\",\"@id\":\"https:\\\/\\\/warrenlawfirm.net\\\/es\\\/#organization\",\"name\":\"Warren Law Firm\",\"url\":\"https:\\\/\\\/warrenlawfirm.net\\\/es\\\/\",\"logo\":{\"@type\":\"ImageObject\",\"inLanguage\":\"es\",\"@id\":\"https:\\\/\\\/warrenlawfirm.net\\\/es\\\/#\\\/schema\\\/logo\\\/image\\\/\",\"url\":\"https:\\\/\\\/warrenlawfirm.net\\\/wp-content\\\/uploads\\\/Warren-Logo-04-1.png\",\"contentUrl\":\"https:\\\/\\\/warrenlawfirm.net\\\/wp-content\\\/uploads\\\/Warren-Logo-04-1.png\",\"width\":905,\"height\":133,\"caption\":\"Warren Law Firm\"},\"image\":{\"@id\":\"https:\\\/\\\/warrenlawfirm.net\\\/es\\\/#\\\/schema\\\/logo\\\/image\\\/\"}}]}<\/script>\n<!-- \/ Yoast SEO plugin. -->","yoast_head_json":{"title":"Acerca de Warren Law Firm | Inmigraci\u00f3n Law Firm San Francisco","description":"Con m\u00e1s de 20 a\u00f1os de experiencia en inmigraci\u00f3n y derecho empresarial, Angela Warren & Warren Law Firm, con sede en San Francisco...","robots":{"index":"index","follow":"follow","max-snippet":"max-snippet:-1","max-image-preview":"max-image-preview:large","max-video-preview":"max-video-preview:-1"},"canonical":"https:\/\/warrenlawfirm.net\/es\/sobre-nosotros\/","twitter_misc":{"Tiempo de lectura":"3 minutos"},"schema":{"@context":"https:\/\/schema.org","@graph":[{"@type":"WebPage","@id":"https:\/\/warrenlawfirm.net\/es\/sobre-nosotros\/","url":"https:\/\/warrenlawfirm.net\/es\/sobre-nosotros\/","name":"Acerca de Warren Law Firm | Inmigraci\u00f3n Law Firm San Francisco","isPartOf":{"@id":"https:\/\/warrenlawfirm.net\/es\/#website"},"primaryImageOfPage":{"@id":"https:\/\/warrenlawfirm.net\/es\/sobre-nosotros\/#primaryimage"},"image":{"@id":"https:\/\/warrenlawfirm.net\/es\/sobre-nosotros\/#primaryimage"},"thumbnailUrl":"https:\/\/warrenlawfirm.net\/wp-content\/uploads\/Acerca-de-Angela-D.-Warren-San-Francisco-Abogado-de-Inmigracion.jpeg","datePublished":"2011-05-12T20:20:13+00:00","dateModified":"2023-12-08T06:01:44+00:00","description":"Con m\u00e1s de 20 a\u00f1os de experiencia en inmigraci\u00f3n y derecho empresarial, Angela Warren & Warren Law Firm, con sede en San Francisco...","breadcrumb":{"@id":"https:\/\/warrenlawfirm.net\/es\/sobre-nosotros\/#breadcrumb"},"inLanguage":"es","potentialAction":[{"@type":"ReadAction","target":["https:\/\/warrenlawfirm.net\/es\/sobre-nosotros\/"]}]},{"@type":"ImageObject","inLanguage":"es","@id":"https:\/\/warrenlawfirm.net\/es\/sobre-nosotros\/#primaryimage","url":"https:\/\/warrenlawfirm.net\/wp-content\/uploads\/Acerca-de-Angela-D.-Warren-San-Francisco-Abogado-de-Inmigracion.jpeg","contentUrl":"https:\/\/warrenlawfirm.net\/wp-content\/uploads\/Acerca-de-Angela-D.-Warren-San-Francisco-Abogado-de-Inmigracion.jpeg"},{"@type":"BreadcrumbList","@id":"https:\/\/warrenlawfirm.net\/es\/sobre-nosotros\/#breadcrumb","itemListElement":[{"@type":"ListItem","position":1,"name":"Home","item":"https:\/\/warrenlawfirm.net\/es\/"},{"@type":"ListItem","position":2,"name":"Sobre Nosotros"}]},{"@type":"WebSite","@id":"https:\/\/warrenlawfirm.net\/es\/#website","url":"https:\/\/warrenlawfirm.net\/es\/","name":"Warren Law Firm","description":"San Francisco Immigration Attorney","publisher":{"@id":"https:\/\/warrenlawfirm.net\/es\/#organization"},"potentialAction":[{"@type":"SearchAction","target":{"@type":"EntryPoint","urlTemplate":"https:\/\/warrenlawfirm.net\/es\/?s={search_term_string}"},"query-input":{"@type":"PropertyValueSpecification","valueRequired":true,"valueName":"search_term_string"}}],"inLanguage":"es"},{"@type":"Organization","@id":"https:\/\/warrenlawfirm.net\/es\/#organization","name":"Warren Law Firm","url":"https:\/\/warrenlawfirm.net\/es\/","logo":{"@type":"ImageObject","inLanguage":"es","@id":"https:\/\/warrenlawfirm.net\/es\/#\/schema\/logo\/image\/","url":"https:\/\/warrenlawfirm.net\/wp-content\/uploads\/Warren-Logo-04-1.png","contentUrl":"https:\/\/warrenlawfirm.net\/wp-content\/uploads\/Warren-Logo-04-1.png","width":905,"height":133,"caption":"Warren Law Firm"},"image":{"@id":"https:\/\/warrenlawfirm.net\/es\/#\/schema\/logo\/image\/"}}]}},"_links":{"self":[{"href":"https:\/\/warrenlawfirm.net\/es\/wp-json\/wp\/v2\/pages\/2674","targetHints":{"allow":["GET"]}}],"collection":[{"href":"https:\/\/warrenlawfirm.net\/es\/wp-json\/wp\/v2\/pages"}],"about":[{"href":"https:\/\/warrenlawfirm.net\/es\/wp-json\/wp\/v2\/types\/page"}],"author":[{"embeddable":true,"href":"https:\/\/warrenlawfirm.net\/es\/wp-json\/wp\/v2\/users\/3"}],"replies":[{"embeddable":true,"href":"https:\/\/warrenlawfirm.net\/es\/wp-json\/wp\/v2\/comments?post=2674"}],"version-history":[{"count":37,"href":"https:\/\/warrenlawfirm.net\/es\/wp-json\/wp\/v2\/pages\/2674\/revisions"}],"predecessor-version":[{"id":4230,"href":"https:\/\/warrenlawfirm.net\/es\/wp-json\/wp\/v2\/pages\/2674\/revisions\/4230"}],"wp:attachment":[{"href":"https:\/\/warrenlawfirm.net\/es\/wp-json\/wp\/v2\/media?parent=2674"}],"curies":[{"name":"wp","href":"https:\/\/api.w.org\/{rel}","templated":true}]}}