{"id":3371,"date":"2016-06-01T14:29:19","date_gmt":"2016-06-01T21:29:19","guid":{"rendered":"https:\/\/warrenlawfirm.net\/privacy-policy-tcs\/"},"modified":"2023-06-28T09:48:58","modified_gmt":"2023-06-28T16:48:58","slug":"politica-de-privacidad","status":"publish","type":"page","link":"https:\/\/warrenlawfirm.net\/es\/politica-de-privacidad\/","title":{"rendered":"Pol\u00edtica de Privacidad"},"content":{"rendered":"<p>Todos los usuarios de este sitio web aceptan que su acceso y uso de este sitio web est\u00e1n sujetos a los t\u00e9rminos y condiciones establecidos en este aviso legal y a todas las leyes aplicables, y que dicho acceso o uso se realiza bajo su propio riesgo. Estos t\u00e9rminos y condiciones pueden cambiar en cualquier momento sin previo aviso y se le recomienda encarecidamente que verifique los t\u00e9rminos y condiciones actuales cada vez que nos haga un pedido.<\/p>\n<h2>Derechos de autor y propiedad intelectual<\/h2>\n<p>El contenido incluido en este sitio web puede ser accedido por usted para su propio uso interno no comercial solamente. Usted no puede copiar, realizar, publicar, modificar, transferir, crear trabajos derivados de, explotar comercialmente o de otra manera utilizar en todo o en parte cualquier contenido, software, productos o servicios obtenidos de este sitio web.<\/p>\n<p>Usted no puede eliminar ni alterar de ninguna manera los derechos de autor, marcas comerciales, propiedad intelectual u otros avisos legales de cualquier parte de este sitio web.<\/p>\n<p>En ocasiones utilizamos testimonios y \/ o im\u00e1genes del trabajo realizado para nuestros clientes en nuestro sitio web y en materiales de marketing para mostrar nuestro trabajo pasado.\u00a0\u00a0 Al utilizar nuestros servicios, nos permite utilizar testimonios de y \/ o im\u00e1genes de este trabajo para promociones.<\/p>\n<h2>\u00bfQu\u00e9 son las cookies y c\u00f3mo las utilizamos?<\/h2>\n<p>Este sitio web utiliza Google Analytics, un servicio de an\u00e1lisis web proporcionado por Google, Inc. (\u00abGoogle\u00bb). Google Analytics utiliza \u00abcookies\u00bb, que son peque\u00f1as piezas de informaci\u00f3n enviadas por un sitio web que se guarda en su disco duro por el navegador de su computadora. Contiene informaci\u00f3n que un sitio puede necesitar para interactuar con usted y personalizar su experiencia.<\/p>\n<ul>\n<li>Las cookies pueden ser utilizadas por un sitio web para reconocerle. Pero eso no significa necesariamente que se almacene informaci\u00f3n personal en las cookies. No almacenamos informaci\u00f3n personal sobre usted en las cookies.<\/li>\n<li>Utilizamos cookies para ver c\u00f3mo los grupos, en lugar de los individuos, utilizan nuestro sitio web. Las cookies nos ayudan a desarrollar un entendimiento para que podamos seguir mejorando nuestro sitio web.<\/li>\n<\/ul>\n<p>Puede rechazar el uso de cookies seleccionando la configuraci\u00f3n adecuada en su navegador, sin embargo, tenga en cuenta que si lo hace, es posible que no pueda utilizar toda la funcionalidad de este sitio web.<\/p>\n","protected":false},"excerpt":{"rendered":"<p>Todos los usuarios de este sitio web aceptan que su acceso y uso de este sitio web est\u00e1n sujetos a los t\u00e9rminos y condiciones establecidos en este aviso legal y a todas las leyes aplicables, y que dicho acceso o uso se realiza bajo su propio riesgo. Estos t\u00e9rminos y condiciones pueden cambiar en cualquier [&hellip;]<\/p>\n","protected":false},"author":3,"featured_media":0,"parent":0,"menu_order":0,"comment_status":"closed","ping_status":"closed","template":"","meta":{"footnotes":""},"class_list":["post-3371","page","type-page","status-publish","hentry"],"yoast_head":"<!-- This site is optimized with the Yoast SEO plugin v27.3 - https:\/\/yoast.com\/product\/yoast-seo-wordpress\/ -->\n<title>Pol\u00edtica de Privacidad y T&amp;Cs - Warren Law Firm<\/title>\n<meta name=\"description\" content=\"Pol\u00edtica de Privacidad con Warren Law Firm\" \/>\n<meta name=\"robots\" content=\"index, follow, max-snippet:-1, max-image-preview:large, max-video-preview:-1\" \/>\n<link rel=\"canonical\" href=\"https:\/\/warrenlawfirm.net\/es\/politica-de-privacidad\/\" \/>\n<meta name=\"twitter:label1\" content=\"Tiempo de lectura\" \/>\n\t<meta name=\"twitter:data1\" content=\"2 minutos\" \/>\n<script type=\"application\/ld+json\" class=\"yoast-schema-graph\">{\"@context\":\"https:\\\/\\\/schema.org\",\"@graph\":[{\"@type\":\"WebPage\",\"@id\":\"https:\\\/\\\/warrenlawfirm.net\\\/es\\\/politica-de-privacidad\\\/\",\"url\":\"https:\\\/\\\/warrenlawfirm.net\\\/es\\\/politica-de-privacidad\\\/\",\"name\":\"Pol\u00edtica de Privacidad y T&Cs - Warren Law Firm\",\"isPartOf\":{\"@id\":\"https:\\\/\\\/warrenlawfirm.net\\\/es\\\/#website\"},\"datePublished\":\"2016-06-01T21:29:19+00:00\",\"dateModified\":\"2023-06-28T16:48:58+00:00\",\"description\":\"Pol\u00edtica de Privacidad con Warren Law Firm\",\"breadcrumb\":{\"@id\":\"https:\\\/\\\/warrenlawfirm.net\\\/es\\\/politica-de-privacidad\\\/#breadcrumb\"},\"inLanguage\":\"es\",\"potentialAction\":[{\"@type\":\"ReadAction\",\"target\":[\"https:\\\/\\\/warrenlawfirm.net\\\/es\\\/politica-de-privacidad\\\/\"]}]},{\"@type\":\"BreadcrumbList\",\"@id\":\"https:\\\/\\\/warrenlawfirm.net\\\/es\\\/politica-de-privacidad\\\/#breadcrumb\",\"itemListElement\":[{\"@type\":\"ListItem\",\"position\":1,\"name\":\"Home\",\"item\":\"https:\\\/\\\/warrenlawfirm.net\\\/es\\\/\"},{\"@type\":\"ListItem\",\"position\":2,\"name\":\"Pol\u00edtica de Privacidad\"}]},{\"@type\":\"WebSite\",\"@id\":\"https:\\\/\\\/warrenlawfirm.net\\\/es\\\/#website\",\"url\":\"https:\\\/\\\/warrenlawfirm.net\\\/es\\\/\",\"name\":\"Warren Law Firm\",\"description\":\"San Francisco Immigration Attorney\",\"publisher\":{\"@id\":\"https:\\\/\\\/warrenlawfirm.net\\\/es\\\/#organization\"},\"potentialAction\":[{\"@type\":\"SearchAction\",\"target\":{\"@type\":\"EntryPoint\",\"urlTemplate\":\"https:\\\/\\\/warrenlawfirm.net\\\/es\\\/?s={search_term_string}\"},\"query-input\":{\"@type\":\"PropertyValueSpecification\",\"valueRequired\":true,\"valueName\":\"search_term_string\"}}],\"inLanguage\":\"es\"},{\"@type\":\"Organization\",\"@id\":\"https:\\\/\\\/warrenlawfirm.net\\\/es\\\/#organization\",\"name\":\"Warren Law Firm\",\"url\":\"https:\\\/\\\/warrenlawfirm.net\\\/es\\\/\",\"logo\":{\"@type\":\"ImageObject\",\"inLanguage\":\"es\",\"@id\":\"https:\\\/\\\/warrenlawfirm.net\\\/es\\\/#\\\/schema\\\/logo\\\/image\\\/\",\"url\":\"https:\\\/\\\/warrenlawfirm.net\\\/wp-content\\\/uploads\\\/Warren-Logo-04-1.png\",\"contentUrl\":\"https:\\\/\\\/warrenlawfirm.net\\\/wp-content\\\/uploads\\\/Warren-Logo-04-1.png\",\"width\":905,\"height\":133,\"caption\":\"Warren Law Firm\"},\"image\":{\"@id\":\"https:\\\/\\\/warrenlawfirm.net\\\/es\\\/#\\\/schema\\\/logo\\\/image\\\/\"}}]}<\/script>\n<!-- \/ Yoast SEO plugin. -->","yoast_head_json":{"title":"Pol\u00edtica de Privacidad y T&Cs - Warren Law Firm","description":"Pol\u00edtica de Privacidad con Warren Law Firm","robots":{"index":"index","follow":"follow","max-snippet":"max-snippet:-1","max-image-preview":"max-image-preview:large","max-video-preview":"max-video-preview:-1"},"canonical":"https:\/\/warrenlawfirm.net\/es\/politica-de-privacidad\/","twitter_misc":{"Tiempo de lectura":"2 minutos"},"schema":{"@context":"https:\/\/schema.org","@graph":[{"@type":"WebPage","@id":"https:\/\/warrenlawfirm.net\/es\/politica-de-privacidad\/","url":"https:\/\/warrenlawfirm.net\/es\/politica-de-privacidad\/","name":"Pol\u00edtica de Privacidad y T&Cs - Warren Law Firm","isPartOf":{"@id":"https:\/\/warrenlawfirm.net\/es\/#website"},"datePublished":"2016-06-01T21:29:19+00:00","dateModified":"2023-06-28T16:48:58+00:00","description":"Pol\u00edtica de Privacidad con Warren Law Firm","breadcrumb":{"@id":"https:\/\/warrenlawfirm.net\/es\/politica-de-privacidad\/#breadcrumb"},"inLanguage":"es","potentialAction":[{"@type":"ReadAction","target":["https:\/\/warrenlawfirm.net\/es\/politica-de-privacidad\/"]}]},{"@type":"BreadcrumbList","@id":"https:\/\/warrenlawfirm.net\/es\/politica-de-privacidad\/#breadcrumb","itemListElement":[{"@type":"ListItem","position":1,"name":"Home","item":"https:\/\/warrenlawfirm.net\/es\/"},{"@type":"ListItem","position":2,"name":"Pol\u00edtica de Privacidad"}]},{"@type":"WebSite","@id":"https:\/\/warrenlawfirm.net\/es\/#website","url":"https:\/\/warrenlawfirm.net\/es\/","name":"Warren Law Firm","description":"San Francisco Immigration Attorney","publisher":{"@id":"https:\/\/warrenlawfirm.net\/es\/#organization"},"potentialAction":[{"@type":"SearchAction","target":{"@type":"EntryPoint","urlTemplate":"https:\/\/warrenlawfirm.net\/es\/?s={search_term_string}"},"query-input":{"@type":"PropertyValueSpecification","valueRequired":true,"valueName":"search_term_string"}}],"inLanguage":"es"},{"@type":"Organization","@id":"https:\/\/warrenlawfirm.net\/es\/#organization","name":"Warren Law Firm","url":"https:\/\/warrenlawfirm.net\/es\/","logo":{"@type":"ImageObject","inLanguage":"es","@id":"https:\/\/warrenlawfirm.net\/es\/#\/schema\/logo\/image\/","url":"https:\/\/warrenlawfirm.net\/wp-content\/uploads\/Warren-Logo-04-1.png","contentUrl":"https:\/\/warrenlawfirm.net\/wp-content\/uploads\/Warren-Logo-04-1.png","width":905,"height":133,"caption":"Warren Law Firm"},"image":{"@id":"https:\/\/warrenlawfirm.net\/es\/#\/schema\/logo\/image\/"}}]}},"_links":{"self":[{"href":"https:\/\/warrenlawfirm.net\/es\/wp-json\/wp\/v2\/pages\/3371","targetHints":{"allow":["GET"]}}],"collection":[{"href":"https:\/\/warrenlawfirm.net\/es\/wp-json\/wp\/v2\/pages"}],"about":[{"href":"https:\/\/warrenlawfirm.net\/es\/wp-json\/wp\/v2\/types\/page"}],"author":[{"embeddable":true,"href":"https:\/\/warrenlawfirm.net\/es\/wp-json\/wp\/v2\/users\/3"}],"replies":[{"embeddable":true,"href":"https:\/\/warrenlawfirm.net\/es\/wp-json\/wp\/v2\/comments?post=3371"}],"version-history":[{"count":3,"href":"https:\/\/warrenlawfirm.net\/es\/wp-json\/wp\/v2\/pages\/3371\/revisions"}],"predecessor-version":[{"id":3374,"href":"https:\/\/warrenlawfirm.net\/es\/wp-json\/wp\/v2\/pages\/3371\/revisions\/3374"}],"wp:attachment":[{"href":"https:\/\/warrenlawfirm.net\/es\/wp-json\/wp\/v2\/media?parent=3371"}],"curies":[{"name":"wp","href":"https:\/\/api.w.org\/{rel}","templated":true}]}}